{"id":3682,"date":"2021-08-26T20:42:00","date_gmt":"2021-08-26T20:42:00","guid":{"rendered":"https:\/\/cliniqueneurogym.com\/?page_id=3682"},"modified":"2023-12-06T22:37:45","modified_gmt":"2023-12-06T22:37:45","slug":"physiotherapist-job-listing","status":"publish","type":"page","link":"https:\/\/cliniqueneurogym.com\/en\/physiotherapist-job-listing\/","title":{"rendered":"Physiotherapist Job Listing"},"content":{"rendered":"\t\t<div data-elementor-type=\"wp-page\" data-elementor-id=\"3682\" class=\"elementor elementor-3682\" data-elementor-post-type=\"page\">\n\t\t\t\t\t\t<section class=\"elementor-section elementor-top-section elementor-element elementor-element-cae47bc elementor-section-full_width elementor-section-height-default elementor-section-height-default\" data-id=\"cae47bc\" data-element_type=\"section\" data-e-type=\"section\" data-settings=\"{&quot;jet_parallax_layout_list&quot;:[{&quot;jet_parallax_layout_image&quot;:{&quot;url&quot;:&quot;&quot;,&quot;id&quot;:&quot;&quot;,&quot;size&quot;:&quot;&quot;},&quot;_id&quot;:&quot;79643be&quot;,&quot;jet_parallax_layout_image_tablet&quot;:{&quot;url&quot;:&quot;&quot;,&quot;id&quot;:&quot;&quot;,&quot;size&quot;:&quot;&quot;},&quot;jet_parallax_layout_image_mobile&quot;:{&quot;url&quot;:&quot;&quot;,&quot;id&quot;:&quot;&quot;,&quot;size&quot;:&quot;&quot;},&quot;jet_parallax_layout_speed&quot;:{&quot;unit&quot;:&quot;%&quot;,&quot;size&quot;:50,&quot;sizes&quot;:[]},&quot;jet_parallax_layout_type&quot;:&quot;scroll&quot;,&quot;jet_parallax_layout_direction&quot;:&quot;1&quot;,&quot;jet_parallax_layout_fx_direction&quot;:null,&quot;jet_parallax_layout_z_index&quot;:&quot;&quot;,&quot;jet_parallax_layout_bg_x&quot;:50,&quot;jet_parallax_layout_bg_x_tablet&quot;:&quot;&quot;,&quot;jet_parallax_layout_bg_x_mobile&quot;:&quot;&quot;,&quot;jet_parallax_layout_bg_y&quot;:50,&quot;jet_parallax_layout_bg_y_tablet&quot;:&quot;&quot;,&quot;jet_parallax_layout_bg_y_mobile&quot;:&quot;&quot;,&quot;jet_parallax_layout_bg_size&quot;:&quot;auto&quot;,&quot;jet_parallax_layout_bg_size_tablet&quot;:&quot;&quot;,&quot;jet_parallax_layout_bg_size_mobile&quot;:&quot;&quot;,&quot;jet_parallax_layout_animation_prop&quot;:&quot;transform&quot;,&quot;jet_parallax_layout_on&quot;:[&quot;desktop&quot;,&quot;tablet&quot;]}],&quot;background_background&quot;:&quot;classic&quot;}\">\n\t\t\t\t\t\t<div class=\"elementor-container elementor-column-gap-default\">\n\t\t\t\t\t<div class=\"elementor-column elementor-col-100 elementor-top-column elementor-element elementor-element-2ebcc3d\" data-id=\"2ebcc3d\" data-element_type=\"column\" data-e-type=\"column\">\n\t\t\t<div class=\"elementor-widget-wrap elementor-element-populated\">\n\t\t\t\t\t\t<div class=\"elementor-element elementor-element-8ea6bfa elementor-widget elementor-widget-heading\" data-id=\"8ea6bfa\" data-element_type=\"widget\" data-e-type=\"widget\" data-widget_type=\"heading.default\">\n\t\t\t\t<div class=\"elementor-widget-container\">\n\t\t\t\t\t<h1 class=\"elementor-heading-title elementor-size-default\">Nous embauchons un(e) physioth\u00e9rapeute<\/h1>\t\t\t\t<\/div>\n\t\t\t\t<\/div>\n\t\t\t\t\t<\/div>\n\t\t<\/div>\n\t\t\t\t\t<\/div>\n\t\t<\/section>\n\t\t\t\t<section class=\"elementor-section elementor-top-section elementor-element elementor-element-402b4fd elementor-section-full_width elementor-section-height-default elementor-section-height-default\" data-id=\"402b4fd\" data-element_type=\"section\" data-e-type=\"section\" data-settings=\"{&quot;jet_parallax_layout_list&quot;:[{&quot;jet_parallax_layout_image&quot;:{&quot;url&quot;:&quot;&quot;,&quot;id&quot;:&quot;&quot;,&quot;size&quot;:&quot;&quot;},&quot;_id&quot;:&quot;c01423f&quot;,&quot;jet_parallax_layout_image_tablet&quot;:{&quot;url&quot;:&quot;&quot;,&quot;id&quot;:&quot;&quot;,&quot;size&quot;:&quot;&quot;},&quot;jet_parallax_layout_image_mobile&quot;:{&quot;url&quot;:&quot;&quot;,&quot;id&quot;:&quot;&quot;,&quot;size&quot;:&quot;&quot;},&quot;jet_parallax_layout_speed&quot;:{&quot;unit&quot;:&quot;%&quot;,&quot;size&quot;:50,&quot;sizes&quot;:[]},&quot;jet_parallax_layout_type&quot;:&quot;scroll&quot;,&quot;jet_parallax_layout_direction&quot;:&quot;1&quot;,&quot;jet_parallax_layout_fx_direction&quot;:null,&quot;jet_parallax_layout_z_index&quot;:&quot;&quot;,&quot;jet_parallax_layout_bg_x&quot;:50,&quot;jet_parallax_layout_bg_x_tablet&quot;:&quot;&quot;,&quot;jet_parallax_layout_bg_x_mobile&quot;:&quot;&quot;,&quot;jet_parallax_layout_bg_y&quot;:50,&quot;jet_parallax_layout_bg_y_tablet&quot;:&quot;&quot;,&quot;jet_parallax_layout_bg_y_mobile&quot;:&quot;&quot;,&quot;jet_parallax_layout_bg_size&quot;:&quot;auto&quot;,&quot;jet_parallax_layout_bg_size_tablet&quot;:&quot;&quot;,&quot;jet_parallax_layout_bg_size_mobile&quot;:&quot;&quot;,&quot;jet_parallax_layout_animation_prop&quot;:&quot;transform&quot;,&quot;jet_parallax_layout_on&quot;:[&quot;desktop&quot;,&quot;tablet&quot;]}]}\">\n\t\t\t\t\t\t<div class=\"elementor-container elementor-column-gap-no\">\n\t\t\t\t\t<div class=\"elementor-column elementor-col-100 elementor-top-column elementor-element elementor-element-8b18ae0\" data-id=\"8b18ae0\" data-element_type=\"column\" data-e-type=\"column\">\n\t\t\t<div class=\"elementor-widget-wrap elementor-element-populated\">\n\t\t\t\t\t\t<div class=\"elementor-element elementor-element-0239ca6 elementor-widget elementor-widget-spacer\" data-id=\"0239ca6\" data-element_type=\"widget\" data-e-type=\"widget\" data-widget_type=\"spacer.default\">\n\t\t\t\t<div class=\"elementor-widget-container\">\n\t\t\t\t\t\t\t<div class=\"elementor-spacer\">\n\t\t\t<div class=\"elementor-spacer-inner\"><\/div>\n\t\t<\/div>\n\t\t\t\t\t\t<\/div>\n\t\t\t\t<\/div>\n\t\t\t\t<section class=\"elementor-section elementor-inner-section elementor-element elementor-element-59c0b07 elementor-section-boxed elementor-section-height-default elementor-section-height-default\" data-id=\"59c0b07\" data-element_type=\"section\" data-e-type=\"section\" data-settings=\"{&quot;jet_parallax_layout_list&quot;:[{&quot;jet_parallax_layout_image&quot;:{&quot;url&quot;:&quot;&quot;,&quot;id&quot;:&quot;&quot;,&quot;size&quot;:&quot;&quot;},&quot;_id&quot;:&quot;3184eac&quot;,&quot;jet_parallax_layout_image_tablet&quot;:{&quot;url&quot;:&quot;&quot;,&quot;id&quot;:&quot;&quot;,&quot;size&quot;:&quot;&quot;},&quot;jet_parallax_layout_image_mobile&quot;:{&quot;url&quot;:&quot;&quot;,&quot;id&quot;:&quot;&quot;,&quot;size&quot;:&quot;&quot;},&quot;jet_parallax_layout_speed&quot;:{&quot;unit&quot;:&quot;%&quot;,&quot;size&quot;:50,&quot;sizes&quot;:[]},&quot;jet_parallax_layout_type&quot;:&quot;scroll&quot;,&quot;jet_parallax_layout_direction&quot;:&quot;1&quot;,&quot;jet_parallax_layout_fx_direction&quot;:null,&quot;jet_parallax_layout_z_index&quot;:&quot;&quot;,&quot;jet_parallax_layout_bg_x&quot;:50,&quot;jet_parallax_layout_bg_x_tablet&quot;:&quot;&quot;,&quot;jet_parallax_layout_bg_x_mobile&quot;:&quot;&quot;,&quot;jet_parallax_layout_bg_y&quot;:50,&quot;jet_parallax_layout_bg_y_tablet&quot;:&quot;&quot;,&quot;jet_parallax_layout_bg_y_mobile&quot;:&quot;&quot;,&quot;jet_parallax_layout_bg_size&quot;:&quot;auto&quot;,&quot;jet_parallax_layout_bg_size_tablet&quot;:&quot;&quot;,&quot;jet_parallax_layout_bg_size_mobile&quot;:&quot;&quot;,&quot;jet_parallax_layout_animation_prop&quot;:&quot;transform&quot;,&quot;jet_parallax_layout_on&quot;:[&quot;desktop&quot;,&quot;tablet&quot;]}]}\">\n\t\t\t\t\t\t<div class=\"elementor-container elementor-column-gap-default\">\n\t\t\t\t\t<div class=\"elementor-column elementor-col-100 elementor-inner-column elementor-element elementor-element-7d72fe0\" data-id=\"7d72fe0\" data-element_type=\"column\" data-e-type=\"column\">\n\t\t\t<div class=\"elementor-widget-wrap elementor-element-populated\">\n\t\t\t\t\t\t<div class=\"elementor-element elementor-element-a599b61 elementor-widget elementor-widget-heading\" data-id=\"a599b61\" data-element_type=\"widget\" data-e-type=\"widget\" data-widget_type=\"heading.default\">\n\t\t\t\t<div class=\"elementor-widget-container\">\n\t\t\t\t\t<h4 class=\"elementor-heading-title elementor-size-default\">Titre du poste : physioth\u00e9rapeute en neurologie<\/h4>\t\t\t\t<\/div>\n\t\t\t\t<\/div>\n\t\t\t\t<div class=\"elementor-element elementor-element-f8b0714 elementor-widget elementor-widget-text-editor\" data-id=\"f8b0714\" data-element_type=\"widget\" data-e-type=\"widget\" data-widget_type=\"text-editor.default\">\n\t\t\t\t<div class=\"elementor-widget-container\">\n\t\t\t\t\t\t\t\t\t<ul><li>Sommaire du poste<span style=\"color: #595959; font-family: 'Indeed Sans', 'Indeed Sans', 'Noto Sans', 'Helvetica Neue', Helvetica, Arial, 'Liberation Sans', Roboto, Noto, sans-serif; font-size: 0.875rem; background-color: transparent;\">\u00a0:<\/span><p style=\"box-sizing: inherit; margin-right: 0px; margin-bottom: 0px; margin-left: 0px; font-size: 0.875rem; line-height: 1.5; color: #595959; margin-block-end: 0.75rem; font-family: 'Indeed Sans', 'Indeed Sans', 'Noto Sans', 'Helvetica Neue', Helvetica, Arial, 'Liberation Sans', Roboto, Noto, sans-serif;\">Postuler le poste de physioth\u00e9rapeute \u00e0 la Clinique Neurogym (Gatineau, Qu\u00e9bec) si le domaine de la neurologie vous passionne et vous cherchez \u00e0 joindre une \u00e9quipe dynamique dans un milieu innovant.<\/p><p style=\"box-sizing: inherit; margin-right: 0px; margin-bottom: 0px; margin-left: 0px; font-size: 0.875rem; line-height: 1.5; color: #595959; margin-block-end: 0.75rem; font-family: 'Indeed Sans', 'Indeed Sans', 'Noto Sans', 'Helvetica Neue', Helvetica, Arial, 'Liberation Sans', Roboto, Noto, sans-serif;\"><span style=\"box-sizing: inherit; font-weight: bold;\">Historique\/mission de la clinique:<\/span><\/p><p style=\"box-sizing: inherit; margin-right: 0px; margin-bottom: 0px; margin-left: 0px; font-size: 0.875rem; line-height: 1.5; color: #595959; margin-block-end: 0.75rem; font-family: 'Indeed Sans', 'Indeed Sans', 'Noto Sans', 'Helvetica Neue', Helvetica, Arial, 'Liberation Sans', Roboto, Noto, sans-serif;\">NeuroGym\u00ae est une clinique de physioth\u00e9rapie avec plus de 25 ans d&#8217;exp\u00e9rience \u00e0 traiter des personnes avec des conditions neurologiques dans la r\u00e9gion Ottawa-Gatineau.<\/p><p style=\"box-sizing: inherit; margin-right: 0px; margin-bottom: 0px; margin-left: 0px; font-size: 0.875rem; line-height: 1.5; color: #595959; margin-block-end: 0.75rem; font-family: 'Indeed Sans', 'Indeed Sans', 'Noto Sans', 'Helvetica Neue', Helvetica, Arial, 'Liberation Sans', Roboto, Noto, sans-serif;\">NeuroGym\u00ae adopte une approche unique, active fond\u00e9e sur la science du mouvement et utilise sa propre gamme d&#8217;\u00e9quipements brevet\u00e9s pour permettent aux clients de jouer un r\u00f4le actif quant \u00e0 leur r\u00e9cup\u00e9ration.<\/p><p style=\"box-sizing: inherit; margin-right: 0px; margin-bottom: 0px; margin-left: 0px; font-size: 0.875rem; line-height: 1.5; color: #595959; margin-block-end: 0.75rem; font-family: 'Indeed Sans', 'Indeed Sans', 'Noto Sans', 'Helvetica Neue', Helvetica, Arial, 'Liberation Sans', Roboto, Noto, sans-serif;\">La ligne d\u2019\u00e9quipements brevet\u00e9s NeuroGym\u00ae est utilis\u00e9e avec succ\u00e8s dans plusieurs h\u00f4pitaux et cliniques dans l\u2019Am\u00e9rique du Nord afin de rendre la r\u00e9\u00e9ducation de la mobilit\u00e9 plus efficace.<\/p><p style=\"box-sizing: inherit; margin-right: 0px; margin-bottom: 0px; margin-left: 0px; font-size: 0.875rem; line-height: 1.5; color: #595959; margin-block-end: 0.75rem; font-family: 'Indeed Sans', 'Indeed Sans', 'Noto Sans', 'Helvetica Neue', Helvetica, Arial, 'Liberation Sans', Roboto, Noto, sans-serif;\">Consultez notre site d&#8217;internet pour plus d&#8217;informations : https:\/\/cliniqueneurogym.com\/.<\/p><p style=\"box-sizing: inherit; margin-right: 0px; margin-bottom: 0px; margin-left: 0px; font-size: 0.875rem; line-height: 1.5; color: #595959; margin-block-end: 0.75rem; font-family: 'Indeed Sans', 'Indeed Sans', 'Noto Sans', 'Helvetica Neue', Helvetica, Arial, 'Liberation Sans', Roboto, Noto, sans-serif;\">Notre but est d&#8217;offrir des traitements efficaces de neuro-r\u00e9adaptation dans un environnement positif, s\u00e9curitaire et accueillant.<\/p><p style=\"box-sizing: inherit; margin-right: 0px; margin-bottom: 0px; margin-left: 0px; font-size: 0.875rem; line-height: 1.5; color: #595959; margin-block-end: 0.75rem; font-family: 'Indeed Sans', 'Indeed Sans', 'Noto Sans', 'Helvetica Neue', Helvetica, Arial, 'Liberation Sans', Roboto, Noto, sans-serif;\"><span style=\"box-sizing: inherit; font-weight: bold;\">Exigences\/description du poste :<\/span><\/p><p style=\"box-sizing: inherit; margin-right: 0px; margin-bottom: 0px; margin-left: 0px; font-size: 0.875rem; line-height: 1.5; color: #595959; margin-block-end: 0.75rem; font-family: 'Indeed Sans', 'Indeed Sans', 'Noto Sans', 'Helvetica Neue', Helvetica, Arial, 'Liberation Sans', Roboto, Noto, sans-serif;\">-Nous cherchons un(e) physioth\u00e9rapeute avec un int\u00e9r\u00eat accrue pour la neuro-r\u00e9adaptation.<\/p><p style=\"box-sizing: inherit; margin-right: 0px; margin-bottom: 0px; margin-left: 0px; font-size: 0.875rem; line-height: 1.5; color: #595959; margin-block-end: 0.75rem; font-family: 'Indeed Sans', 'Indeed Sans', 'Noto Sans', 'Helvetica Neue', Helvetica, Arial, 'Liberation Sans', Roboto, Noto, sans-serif;\">-Doit d\u00e9tenir un permis de physioth\u00e9rapeute au Qu\u00e9bec avec L&#8217;OPPQ<\/p><p style=\"box-sizing: inherit; margin-right: 0px; margin-bottom: 0px; margin-left: 0px; font-size: 0.875rem; line-height: 1.5; color: #595959; margin-block-end: 0.75rem; font-family: 'Indeed Sans', 'Indeed Sans', 'Noto Sans', 'Helvetica Neue', Helvetica, Arial, 'Liberation Sans', Roboto, Noto, sans-serif;\">-Option de poste \u00e0 temps plein ou \u00e0 temps partiel en pr\u00e9sentiel<\/p><p style=\"box-sizing: inherit; margin-right: 0px; margin-bottom: 0px; margin-left: 0px; font-size: 0.875rem; line-height: 1.5; color: #595959; margin-block-end: 0.75rem; font-family: 'Indeed Sans', 'Indeed Sans', 'Noto Sans', 'Helvetica Neue', Helvetica, Arial, 'Liberation Sans', Roboto, Noto, sans-serif;\">-Doit \u00eatre bilingue en fran\u00e7ais et en anglais (oral et \u00e9crit)<\/p><p style=\"box-sizing: inherit; margin-right: 0px; margin-bottom: 0px; margin-left: 0px; font-size: 0.875rem; line-height: 1.5; color: #595959; margin-block-end: 0.75rem; font-family: 'Indeed Sans', 'Indeed Sans', 'Noto Sans', 'Helvetica Neue', Helvetica, Arial, 'Liberation Sans', Roboto, Noto, sans-serif;\">-Pouvoir travailler dans une \u00e9quipe multidisciplinaire aupr\u00e8s d&#8217;une client\u00e8le vuln\u00e9rable<\/p><p style=\"box-sizing: inherit; margin-right: 0px; margin-bottom: 0px; margin-left: 0px; font-size: 0.875rem; line-height: 1.5; color: #595959; margin-block-end: 0.75rem; font-family: 'Indeed Sans', 'Indeed Sans', 'Noto Sans', 'Helvetica Neue', Helvetica, Arial, 'Liberation Sans', Roboto, Noto, sans-serif;\">\u00a0<\/p><p style=\"box-sizing: inherit; margin-right: 0px; margin-bottom: 0px; margin-left: 0px; font-size: 0.875rem; line-height: 1.5; color: #595959; margin-block-end: 0.75rem; font-family: 'Indeed Sans', 'Indeed Sans', 'Noto Sans', 'Helvetica Neue', Helvetica, Arial, 'Liberation Sans', Roboto, Noto, sans-serif;\">Nous offrons une int\u00e9gration payante \u00e0 ce nouveau poste, un salaire annuel avec des vacances pay\u00e9es, un budget mon\u00e9taire pour aider avec la formation continue et des opportunit\u00e9s de leadership et d&#8217;apprentissages.<\/p><p style=\"box-sizing: inherit; margin-right: 0px; margin-bottom: 0px; margin-left: 0px; font-size: 0.875rem; line-height: 1.5; color: #595959; margin-block-end: 0.75rem; font-family: 'Indeed Sans', 'Indeed Sans', 'Noto Sans', 'Helvetica Neue', Helvetica, Arial, 'Liberation Sans', Roboto, Noto, sans-serif;\">Si ce poste vous int\u00e9resse, envoyez-nous un courriel avec votre curriculum vitae et une lettre de pr\u00e9sentation indiquant votre int\u00e9r\u00eat.<\/p><p style=\"box-sizing: inherit; margin-right: 0px; margin-bottom: 0px; margin-left: 0px; font-size: 0.875rem; line-height: 1.5; color: #595959; margin-block-end: 0.75rem; font-family: 'Indeed Sans', 'Indeed Sans', 'Noto Sans', 'Helvetica Neue', Helvetica, Arial, 'Liberation Sans', Roboto, Noto, sans-serif;\">Postulez d\u00e8s maintenant par courriel\u202f: emilie.deschenes@cliniqueneurogym.com<\/p><h5 style=\"font-family: 'DM Sans', sans-serif; color: #6f6f6f;\">D\u00e9tails<\/h5><ul style=\"font-size: 18px; background-color: #ffffff;\"><li style=\"font-size: 18px;\"><span style=\"font-weight: bolder;\">Date limite de candidature:<\/span>\u00a0En cours jusqu&#8217;\u00e0 ce qu&#8217;un candidat appropri\u00e9 soit choisi.<\/li><li style=\"font-size: 18px;\"><span style=\"font-weight: bolder;\">Ville :<\/span>\u00a0Gatineau (Qc)<\/li><li style=\"font-size: 18px;\"><span style=\"font-weight: bolder;\">Salaire :<\/span>\u00a0Selon le niveau d&#8217;exp\u00e9rience<\/li><li style=\"font-size: 18px;\"><span style=\"font-weight: bolder;\">Contact :<\/span>\u00a0Emilie Deschenes, physioth\u00e9rapeute et Directrice<\/li><li style=\"font-size: 18px;\"><span style=\"font-weight: bolder;\">Courriel pour postuler :<\/span>\u00a0emilie.deschenes@cliniqueneurogym.com<\/li><\/ul><\/li><\/ul>\t\t\t\t\t\t\t\t<\/div>\n\t\t\t\t<\/div>\n\t\t\t\t\t<\/div>\n\t\t<\/div>\n\t\t\t\t\t<\/div>\n\t\t<\/section>\n\t\t\t\t\t<\/div>\n\t\t<\/div>\n\t\t\t\t\t<\/div>\n\t\t<\/section>\n\t\t\t\t<\/div>\n\t\t","protected":false},"excerpt":{"rendered":"<p>Nous embauchons un(e) physioth\u00e9rapeute Titre du poste : physioth\u00e9rapeute en neurologie Sommaire du poste\u00a0: Postuler le poste de physioth\u00e9rapeute \u00e0 la Clinique Neurogym (Gatineau, Qu\u00e9bec) si le domaine de la neurologie vous passionne et vous cherchez \u00e0 joindre une \u00e9quipe dynamique dans un milieu innovant. Historique\/mission de la clinique: NeuroGym\u00ae est une clinique de physioth\u00e9rapie [&hellip;]<\/p>\n","protected":false},"author":3,"featured_media":0,"parent":0,"menu_order":0,"comment_status":"closed","ping_status":"closed","template":"","meta":{"_acf_changed":false,"footnotes":""},"class_list":["post-3682","page","type-page","status-publish","hentry"],"acf":[],"yoast_head":"<!-- This site is optimized with the Yoast SEO plugin v27.5 - https:\/\/yoast.com\/product\/yoast-seo-wordpress\/ -->\n<title>Clinique NeuroGym - Physiotherapist Job Listing<\/title>\n<meta name=\"robots\" content=\"index, follow, max-snippet:-1, max-image-preview:large, max-video-preview:-1\" \/>\n<link rel=\"canonical\" href=\"https:\/\/cliniqueneurogym.com\/en\/physiotherapist-job-listing\/\" \/>\n<meta property=\"og:locale\" content=\"en_US\" \/>\n<meta property=\"og:type\" content=\"article\" \/>\n<meta property=\"og:title\" content=\"Clinique NeuroGym - Physiotherapist Job Listing\" \/>\n<meta property=\"og:description\" content=\"Nous embauchons un(e) physioth\u00e9rapeute Titre du poste : physioth\u00e9rapeute en neurologie Sommaire du poste\u00a0: Postuler le poste de physioth\u00e9rapeute \u00e0 la Clinique Neurogym (Gatineau, Qu\u00e9bec) si le domaine de la neurologie vous passionne et vous cherchez \u00e0 joindre une \u00e9quipe dynamique dans un milieu innovant. Historique\/mission de la clinique: NeuroGym\u00ae est une clinique de physioth\u00e9rapie [&hellip;]\" \/>\n<meta property=\"og:url\" content=\"https:\/\/cliniqueneurogym.com\/en\/physiotherapist-job-listing\/\" \/>\n<meta property=\"og:site_name\" content=\"Clinique NeuroGym\" \/>\n<meta property=\"article:publisher\" content=\"https:\/\/www.facebook.com\/NeuroGymRehabilitation\/\" \/>\n<meta property=\"article:modified_time\" content=\"2023-12-06T22:37:45+00:00\" \/>\n<meta name=\"twitter:card\" content=\"summary_large_image\" \/>\n<meta name=\"twitter:label1\" content=\"Est. reading time\" \/>\n\t<meta name=\"twitter:data1\" content=\"2 minutes\" \/>\n<script type=\"application\/ld+json\" class=\"yoast-schema-graph\">{\"@context\":\"https:\\\/\\\/schema.org\",\"@graph\":[{\"@type\":\"WebPage\",\"@id\":\"https:\\\/\\\/cliniqueneurogym.com\\\/en\\\/physiotherapist-job-listing\\\/\",\"url\":\"https:\\\/\\\/cliniqueneurogym.com\\\/en\\\/physiotherapist-job-listing\\\/\",\"name\":\"Clinique NeuroGym - Physiotherapist Job Listing\",\"isPartOf\":{\"@id\":\"https:\\\/\\\/cliniqueneurogym.com\\\/#website\"},\"datePublished\":\"2021-08-26T20:42:00+00:00\",\"dateModified\":\"2023-12-06T22:37:45+00:00\",\"breadcrumb\":{\"@id\":\"https:\\\/\\\/cliniqueneurogym.com\\\/en\\\/physiotherapist-job-listing\\\/#breadcrumb\"},\"inLanguage\":\"en-US\",\"potentialAction\":[{\"@type\":\"ReadAction\",\"target\":[\"https:\\\/\\\/cliniqueneurogym.com\\\/en\\\/physiotherapist-job-listing\\\/\"]}]},{\"@type\":\"BreadcrumbList\",\"@id\":\"https:\\\/\\\/cliniqueneurogym.com\\\/en\\\/physiotherapist-job-listing\\\/#breadcrumb\",\"itemListElement\":[{\"@type\":\"ListItem\",\"position\":1,\"name\":\"Home\",\"item\":\"https:\\\/\\\/cliniqueneurogym.com\\\/en\\\/\"},{\"@type\":\"ListItem\",\"position\":2,\"name\":\"Physiotherapist Job Listing\"}]},{\"@type\":\"WebSite\",\"@id\":\"https:\\\/\\\/cliniqueneurogym.com\\\/#website\",\"url\":\"https:\\\/\\\/cliniqueneurogym.com\\\/\",\"name\":\"NeuroGym Rehab\",\"description\":\"\",\"publisher\":{\"@id\":\"https:\\\/\\\/cliniqueneurogym.com\\\/#organization\"},\"potentialAction\":[{\"@type\":\"SearchAction\",\"target\":{\"@type\":\"EntryPoint\",\"urlTemplate\":\"https:\\\/\\\/cliniqueneurogym.com\\\/?s={search_term_string}\"},\"query-input\":{\"@type\":\"PropertyValueSpecification\",\"valueRequired\":true,\"valueName\":\"search_term_string\"}}],\"inLanguage\":\"en-US\"},{\"@type\":\"Organization\",\"@id\":\"https:\\\/\\\/cliniqueneurogym.com\\\/#organization\",\"name\":\"NeuroGym Rehab\",\"url\":\"https:\\\/\\\/cliniqueneurogym.com\\\/\",\"logo\":{\"@type\":\"ImageObject\",\"inLanguage\":\"en-US\",\"@id\":\"https:\\\/\\\/cliniqueneurogym.com\\\/#\\\/schema\\\/logo\\\/image\\\/\",\"url\":\"https:\\\/\\\/cliniqueneurogym.com\\\/wp-content\\\/uploads\\\/2020\\\/10\\\/logo.png\",\"contentUrl\":\"https:\\\/\\\/cliniqueneurogym.com\\\/wp-content\\\/uploads\\\/2020\\\/10\\\/logo.png\",\"width\":183,\"height\":49,\"caption\":\"NeuroGym Rehab\"},\"image\":{\"@id\":\"https:\\\/\\\/cliniqueneurogym.com\\\/#\\\/schema\\\/logo\\\/image\\\/\"},\"sameAs\":[\"https:\\\/\\\/www.facebook.com\\\/NeuroGymRehabilitation\\\/\",\"https:\\\/\\\/www.instagram.com\\\/neurogymrehabilitation\\\/\",\"https:\\\/\\\/www.youtube.com\\\/channel\\\/UCc62JRXjCs5CFCR_DqAOgrA\"]}]}<\/script>\n<!-- \/ Yoast SEO plugin. -->","yoast_head_json":{"title":"Clinique NeuroGym - Physiotherapist Job Listing","robots":{"index":"index","follow":"follow","max-snippet":"max-snippet:-1","max-image-preview":"max-image-preview:large","max-video-preview":"max-video-preview:-1"},"canonical":"https:\/\/cliniqueneurogym.com\/en\/physiotherapist-job-listing\/","og_locale":"en_US","og_type":"article","og_title":"Clinique NeuroGym - Physiotherapist Job Listing","og_description":"Nous embauchons un(e) physioth\u00e9rapeute Titre du poste : physioth\u00e9rapeute en neurologie Sommaire du poste\u00a0: Postuler le poste de physioth\u00e9rapeute \u00e0 la Clinique Neurogym (Gatineau, Qu\u00e9bec) si le domaine de la neurologie vous passionne et vous cherchez \u00e0 joindre une \u00e9quipe dynamique dans un milieu innovant. Historique\/mission de la clinique: NeuroGym\u00ae est une clinique de physioth\u00e9rapie [&hellip;]","og_url":"https:\/\/cliniqueneurogym.com\/en\/physiotherapist-job-listing\/","og_site_name":"Clinique NeuroGym","article_publisher":"https:\/\/www.facebook.com\/NeuroGymRehabilitation\/","article_modified_time":"2023-12-06T22:37:45+00:00","twitter_card":"summary_large_image","twitter_misc":{"Est. reading time":"2 minutes"},"schema":{"@context":"https:\/\/schema.org","@graph":[{"@type":"WebPage","@id":"https:\/\/cliniqueneurogym.com\/en\/physiotherapist-job-listing\/","url":"https:\/\/cliniqueneurogym.com\/en\/physiotherapist-job-listing\/","name":"Clinique NeuroGym - Physiotherapist Job Listing","isPartOf":{"@id":"https:\/\/cliniqueneurogym.com\/#website"},"datePublished":"2021-08-26T20:42:00+00:00","dateModified":"2023-12-06T22:37:45+00:00","breadcrumb":{"@id":"https:\/\/cliniqueneurogym.com\/en\/physiotherapist-job-listing\/#breadcrumb"},"inLanguage":"en-US","potentialAction":[{"@type":"ReadAction","target":["https:\/\/cliniqueneurogym.com\/en\/physiotherapist-job-listing\/"]}]},{"@type":"BreadcrumbList","@id":"https:\/\/cliniqueneurogym.com\/en\/physiotherapist-job-listing\/#breadcrumb","itemListElement":[{"@type":"ListItem","position":1,"name":"Home","item":"https:\/\/cliniqueneurogym.com\/en\/"},{"@type":"ListItem","position":2,"name":"Physiotherapist Job Listing"}]},{"@type":"WebSite","@id":"https:\/\/cliniqueneurogym.com\/#website","url":"https:\/\/cliniqueneurogym.com\/","name":"NeuroGym Rehab","description":"","publisher":{"@id":"https:\/\/cliniqueneurogym.com\/#organization"},"potentialAction":[{"@type":"SearchAction","target":{"@type":"EntryPoint","urlTemplate":"https:\/\/cliniqueneurogym.com\/?s={search_term_string}"},"query-input":{"@type":"PropertyValueSpecification","valueRequired":true,"valueName":"search_term_string"}}],"inLanguage":"en-US"},{"@type":"Organization","@id":"https:\/\/cliniqueneurogym.com\/#organization","name":"NeuroGym Rehab","url":"https:\/\/cliniqueneurogym.com\/","logo":{"@type":"ImageObject","inLanguage":"en-US","@id":"https:\/\/cliniqueneurogym.com\/#\/schema\/logo\/image\/","url":"https:\/\/cliniqueneurogym.com\/wp-content\/uploads\/2020\/10\/logo.png","contentUrl":"https:\/\/cliniqueneurogym.com\/wp-content\/uploads\/2020\/10\/logo.png","width":183,"height":49,"caption":"NeuroGym Rehab"},"image":{"@id":"https:\/\/cliniqueneurogym.com\/#\/schema\/logo\/image\/"},"sameAs":["https:\/\/www.facebook.com\/NeuroGymRehabilitation\/","https:\/\/www.instagram.com\/neurogymrehabilitation\/","https:\/\/www.youtube.com\/channel\/UCc62JRXjCs5CFCR_DqAOgrA"]}]}},"_links":{"self":[{"href":"https:\/\/cliniqueneurogym.com\/en\/wp-json\/wp\/v2\/pages\/3682","targetHints":{"allow":["GET"]}}],"collection":[{"href":"https:\/\/cliniqueneurogym.com\/en\/wp-json\/wp\/v2\/pages"}],"about":[{"href":"https:\/\/cliniqueneurogym.com\/en\/wp-json\/wp\/v2\/types\/page"}],"author":[{"embeddable":true,"href":"https:\/\/cliniqueneurogym.com\/en\/wp-json\/wp\/v2\/users\/3"}],"replies":[{"embeddable":true,"href":"https:\/\/cliniqueneurogym.com\/en\/wp-json\/wp\/v2\/comments?post=3682"}],"version-history":[{"count":5,"href":"https:\/\/cliniqueneurogym.com\/en\/wp-json\/wp\/v2\/pages\/3682\/revisions"}],"predecessor-version":[{"id":5967,"href":"https:\/\/cliniqueneurogym.com\/en\/wp-json\/wp\/v2\/pages\/3682\/revisions\/5967"}],"wp:attachment":[{"href":"https:\/\/cliniqueneurogym.com\/en\/wp-json\/wp\/v2\/media?parent=3682"}],"curies":[{"name":"wp","href":"https:\/\/api.w.org\/{rel}","templated":true}]}}